{"id":18632,"date":"2026-04-10T09:59:56","date_gmt":"2026-04-10T07:59:56","guid":{"rendered":"https:\/\/novocommerce.hr\/rs\/?post_type=product&#038;p=18632"},"modified":"2026-04-10T09:59:56","modified_gmt":"2026-04-10T07:59:56","slug":"quivogne-ssdr-big-11-500","status":"publish","type":"product","link":"https:\/\/novocommerce.hr\/rs\/proizvod\/quivogne-ssdr-big-11-500\/","title":{"rendered":"QUIVOGNE SSDR BIG 11 \/ 500"},"content":{"rendered":"<p>BIG 11 &#8211; 11 radnih tijela<br \/>\n500 &#8211; radna \u0161irina 5 metara<br \/>\n450mm &#8211; razmak izme\u0111u no\u017eeva<br \/>\n75cm &#8211; maksimalna dubina rada<br \/>\n4.500kg te\u017eina<br \/>\n400ks &#8211; minimalna snaga traktora potrebna za u\u010dinkovit rad<br \/>\nValjak skinut radi lak\u0161eg transporta. Sve ispravno i u funkciji.<\/p>\n","protected":false},"excerpt":{"rendered":"<p>BIG 11 &#8211; 11 radnih tijela 500 &#8211; radna \u0161irina 5 metara 450mm &#8211; razmak izme\u0111u no\u017eeva 75cm &#8211; maksimalna dubina rada 4.500kg te\u017eina 400ks &#8211; minimalna snaga traktora potrebna za u\u010dinkovit rad Valjak skinut radi lak\u0161eg transporta. Sve ispravno i u funkciji.<\/p>\n","protected":false},"featured_media":18633,"comment_status":"open","ping_status":"closed","template":"","meta":[],"product_brand":[],"product_cat":[],"product_tag":[],"class_list":{"0":"post-18632","1":"product","2":"type-product","3":"status-publish","4":"has-post-thumbnail","6":"badges-style-2","8":"first","9":"instock","10":"shipping-taxable","11":"purchasable","12":"product-type-simple"},"yoast_head":"<!-- This site is optimized with the Yoast SEO plugin v25.4 - https:\/\/yoast.com\/wordpress\/plugins\/seo\/ -->\n<title>QUIVOGNE SSDR BIG 11 \/ 500 - NCI Rabljeni strojevi<\/title>\n<meta name=\"robots\" content=\"index, follow, max-snippet:-1, max-image-preview:large, max-video-preview:-1\" \/>\n<link rel=\"canonical\" href=\"https:\/\/novocommerce.hr\/rs\/proizvod\/quivogne-ssdr-big-11-500\/\" \/>\n<meta property=\"og:locale\" content=\"hr_HR\" \/>\n<meta property=\"og:type\" content=\"article\" \/>\n<meta property=\"og:title\" content=\"QUIVOGNE SSDR BIG 11 \/ 500 - NCI Rabljeni strojevi\" \/>\n<meta property=\"og:description\" content=\"BIG 11 &#8211; 11 radnih tijela 500 &#8211; radna \u0161irina 5 metara 450mm &#8211; razmak izme\u0111u no\u017eeva 75cm &#8211; maksimalna dubina rada 4.500kg te\u017eina 400ks &#8211; minimalna snaga traktora potrebna za u\u010dinkovit rad Valjak skinut radi lak\u0161eg transporta. Sve ispravno i u funkciji.\" \/>\n<meta property=\"og:url\" content=\"https:\/\/novocommerce.hr\/rs\/proizvod\/quivogne-ssdr-big-11-500\/\" \/>\n<meta property=\"og:site_name\" content=\"NCI Rabljeni strojevi\" \/>\n<meta property=\"og:image\" content=\"https:\/\/novocommerce.hr\/rs\/wp-content\/uploads\/2026\/04\/quivogne-ssdr-big-11-500-podrivac-slika-271738875.jpg\" \/>\n\t<meta property=\"og:image:width\" content=\"1600\" \/>\n\t<meta property=\"og:image:height\" content=\"900\" \/>\n\t<meta property=\"og:image:type\" content=\"image\/jpeg\" \/>\n<meta name=\"twitter:card\" content=\"summary_large_image\" \/>\n<meta name=\"twitter:label1\" content=\"Procijenjeno vrijeme \u010ditanja\" \/>\n\t<meta name=\"twitter:data1\" content=\"1 minuta\" \/>\n<script type=\"application\/ld+json\" class=\"yoast-schema-graph\">{\"@context\":\"https:\/\/schema.org\",\"@graph\":[{\"@type\":\"WebPage\",\"@id\":\"https:\/\/novocommerce.hr\/rs\/proizvod\/quivogne-ssdr-big-11-500\/\",\"url\":\"https:\/\/novocommerce.hr\/rs\/proizvod\/quivogne-ssdr-big-11-500\/\",\"name\":\"QUIVOGNE SSDR BIG 11 \/ 500 - NCI Rabljeni strojevi\",\"isPartOf\":{\"@id\":\"https:\/\/novocommerce.hr\/rs\/#website\"},\"primaryImageOfPage\":{\"@id\":\"https:\/\/novocommerce.hr\/rs\/proizvod\/quivogne-ssdr-big-11-500\/#primaryimage\"},\"image\":{\"@id\":\"https:\/\/novocommerce.hr\/rs\/proizvod\/quivogne-ssdr-big-11-500\/#primaryimage\"},\"thumbnailUrl\":\"https:\/\/novocommerce.hr\/rs\/wp-content\/uploads\/2026\/04\/quivogne-ssdr-big-11-500-podrivac-slika-271738875.jpg\",\"datePublished\":\"2026-04-10T07:59:56+00:00\",\"breadcrumb\":{\"@id\":\"https:\/\/novocommerce.hr\/rs\/proizvod\/quivogne-ssdr-big-11-500\/#breadcrumb\"},\"inLanguage\":\"hr\",\"potentialAction\":[{\"@type\":\"ReadAction\",\"target\":[\"https:\/\/novocommerce.hr\/rs\/proizvod\/quivogne-ssdr-big-11-500\/\"]}]},{\"@type\":\"ImageObject\",\"inLanguage\":\"hr\",\"@id\":\"https:\/\/novocommerce.hr\/rs\/proizvod\/quivogne-ssdr-big-11-500\/#primaryimage\",\"url\":\"https:\/\/novocommerce.hr\/rs\/wp-content\/uploads\/2026\/04\/quivogne-ssdr-big-11-500-podrivac-slika-271738875.jpg\",\"contentUrl\":\"https:\/\/novocommerce.hr\/rs\/wp-content\/uploads\/2026\/04\/quivogne-ssdr-big-11-500-podrivac-slika-271738875.jpg\",\"width\":1600,\"height\":900},{\"@type\":\"BreadcrumbList\",\"@id\":\"https:\/\/novocommerce.hr\/rs\/proizvod\/quivogne-ssdr-big-11-500\/#breadcrumb\",\"itemListElement\":[{\"@type\":\"ListItem\",\"position\":1,\"name\":\"Home\",\"item\":\"https:\/\/novocommerce.hr\/rs\/\"},{\"@type\":\"ListItem\",\"position\":2,\"name\":\"Katalog strojeva\",\"item\":\"https:\/\/novocommerce.hr\/rs\/katalog-strojeva\/\"},{\"@type\":\"ListItem\",\"position\":3,\"name\":\"QUIVOGNE SSDR BIG 11 \/ 500\"}]},{\"@type\":\"WebSite\",\"@id\":\"https:\/\/novocommerce.hr\/rs\/#website\",\"url\":\"https:\/\/novocommerce.hr\/rs\/\",\"name\":\"NCI Rabljeni strojevi\",\"description\":\"Mladi i rabljeni\",\"publisher\":{\"@id\":\"https:\/\/novocommerce.hr\/rs\/#organization\"},\"potentialAction\":[{\"@type\":\"SearchAction\",\"target\":{\"@type\":\"EntryPoint\",\"urlTemplate\":\"https:\/\/novocommerce.hr\/rs\/?s={search_term_string}\"},\"query-input\":{\"@type\":\"PropertyValueSpecification\",\"valueRequired\":true,\"valueName\":\"search_term_string\"}}],\"inLanguage\":\"hr\"},{\"@type\":\"Organization\",\"@id\":\"https:\/\/novocommerce.hr\/rs\/#organization\",\"name\":\"NCI Rabljeni strojevi\",\"url\":\"https:\/\/novocommerce.hr\/rs\/\",\"logo\":{\"@type\":\"ImageObject\",\"inLanguage\":\"hr\",\"@id\":\"https:\/\/novocommerce.hr\/rs\/#\/schema\/logo\/image\/\",\"url\":\"https:\/\/novocommerce.hr\/rs\/wp-content\/uploads\/2019\/10\/logo.png\",\"contentUrl\":\"https:\/\/novocommerce.hr\/rs\/wp-content\/uploads\/2019\/10\/logo.png\",\"width\":347,\"height\":55,\"caption\":\"NCI Rabljeni strojevi\"},\"image\":{\"@id\":\"https:\/\/novocommerce.hr\/rs\/#\/schema\/logo\/image\/\"}}]}<\/script>\n<!-- \/ Yoast SEO plugin. -->","yoast_head_json":{"title":"QUIVOGNE SSDR BIG 11 \/ 500 - NCI Rabljeni strojevi","robots":{"index":"index","follow":"follow","max-snippet":"max-snippet:-1","max-image-preview":"max-image-preview:large","max-video-preview":"max-video-preview:-1"},"canonical":"https:\/\/novocommerce.hr\/rs\/proizvod\/quivogne-ssdr-big-11-500\/","og_locale":"hr_HR","og_type":"article","og_title":"QUIVOGNE SSDR BIG 11 \/ 500 - NCI Rabljeni strojevi","og_description":"BIG 11 &#8211; 11 radnih tijela 500 &#8211; radna \u0161irina 5 metara 450mm &#8211; razmak izme\u0111u no\u017eeva 75cm &#8211; maksimalna dubina rada 4.500kg te\u017eina 400ks &#8211; minimalna snaga traktora potrebna za u\u010dinkovit rad Valjak skinut radi lak\u0161eg transporta. Sve ispravno i u funkciji.","og_url":"https:\/\/novocommerce.hr\/rs\/proizvod\/quivogne-ssdr-big-11-500\/","og_site_name":"NCI Rabljeni strojevi","og_image":[{"width":1600,"height":900,"url":"https:\/\/novocommerce.hr\/rs\/wp-content\/uploads\/2026\/04\/quivogne-ssdr-big-11-500-podrivac-slika-271738875.jpg","type":"image\/jpeg"}],"twitter_card":"summary_large_image","twitter_misc":{"Procijenjeno vrijeme \u010ditanja":"1 minuta"},"schema":{"@context":"https:\/\/schema.org","@graph":[{"@type":"WebPage","@id":"https:\/\/novocommerce.hr\/rs\/proizvod\/quivogne-ssdr-big-11-500\/","url":"https:\/\/novocommerce.hr\/rs\/proizvod\/quivogne-ssdr-big-11-500\/","name":"QUIVOGNE SSDR BIG 11 \/ 500 - NCI Rabljeni strojevi","isPartOf":{"@id":"https:\/\/novocommerce.hr\/rs\/#website"},"primaryImageOfPage":{"@id":"https:\/\/novocommerce.hr\/rs\/proizvod\/quivogne-ssdr-big-11-500\/#primaryimage"},"image":{"@id":"https:\/\/novocommerce.hr\/rs\/proizvod\/quivogne-ssdr-big-11-500\/#primaryimage"},"thumbnailUrl":"https:\/\/novocommerce.hr\/rs\/wp-content\/uploads\/2026\/04\/quivogne-ssdr-big-11-500-podrivac-slika-271738875.jpg","datePublished":"2026-04-10T07:59:56+00:00","breadcrumb":{"@id":"https:\/\/novocommerce.hr\/rs\/proizvod\/quivogne-ssdr-big-11-500\/#breadcrumb"},"inLanguage":"hr","potentialAction":[{"@type":"ReadAction","target":["https:\/\/novocommerce.hr\/rs\/proizvod\/quivogne-ssdr-big-11-500\/"]}]},{"@type":"ImageObject","inLanguage":"hr","@id":"https:\/\/novocommerce.hr\/rs\/proizvod\/quivogne-ssdr-big-11-500\/#primaryimage","url":"https:\/\/novocommerce.hr\/rs\/wp-content\/uploads\/2026\/04\/quivogne-ssdr-big-11-500-podrivac-slika-271738875.jpg","contentUrl":"https:\/\/novocommerce.hr\/rs\/wp-content\/uploads\/2026\/04\/quivogne-ssdr-big-11-500-podrivac-slika-271738875.jpg","width":1600,"height":900},{"@type":"BreadcrumbList","@id":"https:\/\/novocommerce.hr\/rs\/proizvod\/quivogne-ssdr-big-11-500\/#breadcrumb","itemListElement":[{"@type":"ListItem","position":1,"name":"Home","item":"https:\/\/novocommerce.hr\/rs\/"},{"@type":"ListItem","position":2,"name":"Katalog strojeva","item":"https:\/\/novocommerce.hr\/rs\/katalog-strojeva\/"},{"@type":"ListItem","position":3,"name":"QUIVOGNE SSDR BIG 11 \/ 500"}]},{"@type":"WebSite","@id":"https:\/\/novocommerce.hr\/rs\/#website","url":"https:\/\/novocommerce.hr\/rs\/","name":"NCI Rabljeni strojevi","description":"Mladi i rabljeni","publisher":{"@id":"https:\/\/novocommerce.hr\/rs\/#organization"},"potentialAction":[{"@type":"SearchAction","target":{"@type":"EntryPoint","urlTemplate":"https:\/\/novocommerce.hr\/rs\/?s={search_term_string}"},"query-input":{"@type":"PropertyValueSpecification","valueRequired":true,"valueName":"search_term_string"}}],"inLanguage":"hr"},{"@type":"Organization","@id":"https:\/\/novocommerce.hr\/rs\/#organization","name":"NCI Rabljeni strojevi","url":"https:\/\/novocommerce.hr\/rs\/","logo":{"@type":"ImageObject","inLanguage":"hr","@id":"https:\/\/novocommerce.hr\/rs\/#\/schema\/logo\/image\/","url":"https:\/\/novocommerce.hr\/rs\/wp-content\/uploads\/2019\/10\/logo.png","contentUrl":"https:\/\/novocommerce.hr\/rs\/wp-content\/uploads\/2019\/10\/logo.png","width":347,"height":55,"caption":"NCI Rabljeni strojevi"},"image":{"@id":"https:\/\/novocommerce.hr\/rs\/#\/schema\/logo\/image\/"}}]}},"_links":{"self":[{"href":"https:\/\/novocommerce.hr\/rs\/wp-json\/wp\/v2\/product\/18632","targetHints":{"allow":["GET"]}}],"collection":[{"href":"https:\/\/novocommerce.hr\/rs\/wp-json\/wp\/v2\/product"}],"about":[{"href":"https:\/\/novocommerce.hr\/rs\/wp-json\/wp\/v2\/types\/product"}],"replies":[{"embeddable":true,"href":"https:\/\/novocommerce.hr\/rs\/wp-json\/wp\/v2\/comments?post=18632"}],"wp:featuredmedia":[{"embeddable":true,"href":"https:\/\/novocommerce.hr\/rs\/wp-json\/wp\/v2\/media\/18633"}],"wp:attachment":[{"href":"https:\/\/novocommerce.hr\/rs\/wp-json\/wp\/v2\/media?parent=18632"}],"wp:term":[{"taxonomy":"product_brand","embeddable":true,"href":"https:\/\/novocommerce.hr\/rs\/wp-json\/wp\/v2\/product_brand?post=18632"},{"taxonomy":"product_cat","embeddable":true,"href":"https:\/\/novocommerce.hr\/rs\/wp-json\/wp\/v2\/product_cat?post=18632"},{"taxonomy":"product_tag","embeddable":true,"href":"https:\/\/novocommerce.hr\/rs\/wp-json\/wp\/v2\/product_tag?post=18632"}],"curies":[{"name":"wp","href":"https:\/\/api.w.org\/{rel}","templated":true}]}}