{"id":6729,"date":"2021-06-24T08:53:45","date_gmt":"2021-06-24T06:53:45","guid":{"rendered":"https:\/\/novocommerce.hr\/rs\/?page_id=6729"},"modified":"2021-06-24T10:50:40","modified_gmt":"2021-06-24T08:50:40","slug":"premium-used","status":"publish","type":"page","link":"https:\/\/novocommerce.hr\/rs\/premium-used\/","title":{"rendered":"Premium used"},"content":{"rendered":"\t\t<div data-elementor-type=\"wp-post\" data-elementor-id=\"6729\" class=\"elementor elementor-6729\">\n\t\t\t\t\t\t<section class=\"elementor-section elementor-top-section elementor-element elementor-element-1342808 elementor-section-full_width elementor-section-height-default elementor-section-height-default\" data-id=\"1342808\" data-element_type=\"section\" data-settings=\"{&quot;background_background&quot;:&quot;classic&quot;}\">\n\t\t\t\t\t\t<div class=\"elementor-container elementor-column-gap-no\">\n\t\t\t\t\t<div class=\"elementor-column elementor-col-33 elementor-top-column elementor-element elementor-element-09ac73e\" data-id=\"09ac73e\" data-element_type=\"column\" data-settings=\"{&quot;background_background&quot;:&quot;classic&quot;}\">\n\t\t\t<div class=\"elementor-widget-wrap elementor-element-populated\">\n\t\t\t\t\t\t<div class=\"elementor-element elementor-element-0a33dde elementor-widget elementor-widget-heading\" data-id=\"0a33dde\" data-element_type=\"widget\" data-widget_type=\"heading.default\">\n\t\t\t\t<div class=\"elementor-widget-container\">\n\t\t\t\t\t<h3 class=\"elementor-heading-title elementor-size-medium\">Strojevi kojima mo\u017eete vjerovati<\/h3>\t\t\t\t<\/div>\n\t\t\t\t<\/div>\n\t\t\t\t<div class=\"elementor-element elementor-element-4a4798c elementor-widget elementor-widget-text-editor\" data-id=\"4a4798c\" data-element_type=\"widget\" data-widget_type=\"text-editor.default\">\n\t\t\t\t<div class=\"elementor-widget-container\">\n\t\t\t\t\t\t\t\t\t<p><span style=\"color: #000000;\">Kada kupujete John Deere Premium Used, mo\u017eete biti sigurni da su svi strojevi pro\u0161li kona\u010dnu provjeru od 180 plus bodova. Za dodatni mir tako\u0111er razgovarajte s va\u0161im dobavlja\u010dem o paketu odr\u017eavanja i paketu usluga FarmSight Services.<\/span><\/p>\t\t\t\t\t\t\t\t<\/div>\n\t\t\t\t<\/div>\n\t\t\t\t<div class=\"elementor-element elementor-element-f0a536f elementor-widget elementor-widget-spacer\" data-id=\"f0a536f\" data-element_type=\"widget\" data-widget_type=\"spacer.default\">\n\t\t\t\t<div class=\"elementor-widget-container\">\n\t\t\t\t\t\t\t<div class=\"elementor-spacer\">\n\t\t\t<div class=\"elementor-spacer-inner\"><\/div>\n\t\t<\/div>\n\t\t\t\t\t\t<\/div>\n\t\t\t\t<\/div>\n\t\t\t\t\t<\/div>\n\t\t<\/div>\n\t\t\t\t<div class=\"elementor-column elementor-col-66 elementor-top-column elementor-element elementor-element-7b7ca2c\" data-id=\"7b7ca2c\" data-element_type=\"column\" data-settings=\"{&quot;background_background&quot;:&quot;classic&quot;}\">\n\t\t\t<div class=\"elementor-widget-wrap\">\n\t\t\t\t\t\t\t<\/div>\n\t\t<\/div>\n\t\t\t\t\t<\/div>\n\t\t<\/section>\n\t\t\t\t<section class=\"elementor-section elementor-top-section elementor-element elementor-element-2fff41f elementor-section-boxed elementor-section-height-default elementor-section-height-default\" data-id=\"2fff41f\" data-element_type=\"section\" data-settings=\"{&quot;background_background&quot;:&quot;classic&quot;}\">\n\t\t\t\t\t\t<div class=\"elementor-container elementor-column-gap-default\">\n\t\t\t\t\t<div class=\"elementor-column elementor-col-100 elementor-top-column elementor-element elementor-element-1647b7a\" data-id=\"1647b7a\" data-element_type=\"column\">\n\t\t\t<div class=\"elementor-widget-wrap elementor-element-populated\">\n\t\t\t\t\t\t<div class=\"elementor-element elementor-element-6a48378 elementor-widget-divider--view-line elementor-widget elementor-widget-divider\" data-id=\"6a48378\" data-element_type=\"widget\" data-widget_type=\"divider.default\">\n\t\t\t\t<div class=\"elementor-widget-container\">\n\t\t\t\t\t\t\t<div class=\"elementor-divider\">\n\t\t\t<span class=\"elementor-divider-separator\">\n\t\t\t\t\t\t<\/span>\n\t\t<\/div>\n\t\t\t\t\t\t<\/div>\n\t\t\t\t<\/div>\n\t\t\t\t<div class=\"elementor-element elementor-element-8f8eabe elementor-widget elementor-widget-spacer\" data-id=\"8f8eabe\" data-element_type=\"widget\" data-widget_type=\"spacer.default\">\n\t\t\t\t<div class=\"elementor-widget-container\">\n\t\t\t\t\t\t\t<div class=\"elementor-spacer\">\n\t\t\t<div class=\"elementor-spacer-inner\"><\/div>\n\t\t<\/div>\n\t\t\t\t\t\t<\/div>\n\t\t\t\t<\/div>\n\t\t\t\t<div class=\"elementor-element elementor-element-ce2f9ba elementor-widget elementor-widget-heading\" data-id=\"ce2f9ba\" data-element_type=\"widget\" data-widget_type=\"heading.default\">\n\t\t\t\t<div class=\"elementor-widget-container\">\n\t\t\t\t\t<h2 class=\"elementor-heading-title elementor-size-large\">Kako profitirate<\/h2>\t\t\t\t<\/div>\n\t\t\t\t<\/div>\n\t\t\t\t<div class=\"elementor-element elementor-element-ebee384 elementor-widget elementor-widget-heading\" data-id=\"ebee384\" data-element_type=\"widget\" data-widget_type=\"heading.default\">\n\t\t\t\t<div class=\"elementor-widget-container\">\n\t\t\t\t\t<h3 class=\"elementor-heading-title elementor-size-medium\">Kontrolirana kvaliteta<\/h3>\t\t\t\t<\/div>\n\t\t\t\t<\/div>\n\t\t\t\t<div class=\"elementor-element elementor-element-1ac73de elementor-widget elementor-widget-text-editor\" data-id=\"1ac73de\" data-element_type=\"widget\" data-widget_type=\"text-editor.default\">\n\t\t\t\t<div class=\"elementor-widget-container\">\n\t\t\t\t\t\t\t\t\t<p style=\"box-sizing: inherit; margin-top: 16px; margin-bottom: 16px; line-height: 26px; font-size: 17px; color: #333333; font-family: 'Helvetica Neue', Helvetica, Arial, sans-serif;\">Va\u0161 zastupnik za vas mo\u017ee pristupiti \u0161irokom spektru \u201cPremium Used\u201d John Deere opreme. Mo\u017eete biti sigurni da je svaki stroj pregledan i da je \u201ckao nov\u201d ili u \u201cdobrom\u201d stanju, \u010dist i dobro odr\u017eavan, potpuno funkcionalan i da je po\u010detna prodaja bila prije vi\u0161e od 7 godina. Inspekcija se morala obaviti u posljednja 3 mjeseca ili 100 sati prije prodaje.<\/p><p style=\"box-sizing: inherit; margin-top: 16px; margin-bottom: 16px; line-height: 26px; font-size: 17px; color: #333333; font-family: 'Helvetica Neue', Helvetica, Arial, sans-serif;\">Traktori i samohodne prskalice imat \u0107e maksimalno 6500 sati rada motora, kombajni i SPFH maks. 3000 sati bubnja.<\/p>\t\t\t\t\t\t\t\t<\/div>\n\t\t\t\t<\/div>\n\t\t\t\t<div class=\"elementor-element elementor-element-d7be580 elementor-widget-divider--view-line elementor-widget elementor-widget-divider\" data-id=\"d7be580\" data-element_type=\"widget\" data-widget_type=\"divider.default\">\n\t\t\t\t<div class=\"elementor-widget-container\">\n\t\t\t\t\t\t\t<div class=\"elementor-divider\">\n\t\t\t<span class=\"elementor-divider-separator\">\n\t\t\t\t\t\t<\/span>\n\t\t<\/div>\n\t\t\t\t\t\t<\/div>\n\t\t\t\t<\/div>\n\t\t\t\t<div class=\"elementor-element elementor-element-a7a4cc6 elementor-widget elementor-widget-heading\" data-id=\"a7a4cc6\" data-element_type=\"widget\" data-widget_type=\"heading.default\">\n\t\t\t\t<div class=\"elementor-widget-container\">\n\t\t\t\t\t<h3 class=\"elementor-heading-title elementor-size-medium\">Za\u0161tita kori\u0161tene opreme<\/h3>\t\t\t\t<\/div>\n\t\t\t\t<\/div>\n\t\t\t\t<div class=\"elementor-element elementor-element-47fac63 elementor-widget elementor-widget-text-editor\" data-id=\"47fac63\" data-element_type=\"widget\" data-widget_type=\"text-editor.default\">\n\t\t\t\t<div class=\"elementor-widget-container\">\n\t\t\t\t\t\t\t\t\t<p style=\"box-sizing: inherit; margin-top: 16px; margin-bottom: 16px; line-height: 26px; font-size: 17px; color: #333333; font-family: 'Helvetica Neue', Helvetica, Arial, sans-serif;\">Svi John Deere Premium Used rabljeni strojevi dobivaju minimalnu tromjese\u010dnu sveobuhvatnu za\u0161titu rabljene opreme koju pru\u017ea va\u0161 prodava\u010d.<\/p>\t\t\t\t\t\t\t\t<\/div>\n\t\t\t\t<\/div>\n\t\t\t\t<div class=\"elementor-element elementor-element-2195ffb elementor-widget-divider--view-line elementor-widget elementor-widget-divider\" data-id=\"2195ffb\" data-element_type=\"widget\" data-widget_type=\"divider.default\">\n\t\t\t\t<div class=\"elementor-widget-container\">\n\t\t\t\t\t\t\t<div class=\"elementor-divider\">\n\t\t\t<span class=\"elementor-divider-separator\">\n\t\t\t\t\t\t<\/span>\n\t\t<\/div>\n\t\t\t\t\t\t<\/div>\n\t\t\t\t<\/div>\n\t\t\t\t<div class=\"elementor-element elementor-element-2d29d52 elementor-widget elementor-widget-heading\" data-id=\"2d29d52\" data-element_type=\"widget\" data-widget_type=\"heading.default\">\n\t\t\t\t<div class=\"elementor-widget-container\">\n\t\t\t\t\t<h2 class=\"elementor-heading-title elementor-size-large\">Pregled pokrivenih komponenata<\/h2>\t\t\t\t<\/div>\n\t\t\t\t<\/div>\n\t\t\t\t<div class=\"elementor-element elementor-element-f210f08 elementor-widget elementor-widget-image\" data-id=\"f210f08\" data-element_type=\"widget\" data-widget_type=\"image.default\">\n\t\t\t\t<div class=\"elementor-widget-container\">\n\t\t\t\t\t\t\t\t\t\t\t\t\t\t\t<img fetchpriority=\"high\" decoding=\"async\" width=\"1024\" height=\"159\" src=\"https:\/\/novocommerce.hr\/rs\/wp-content\/uploads\/2021\/06\/WEB-1024x159.jpg\" class=\"attachment-large size-large wp-image-6752\" alt=\"\" srcset=\"https:\/\/novocommerce.hr\/rs\/wp-content\/uploads\/2021\/06\/WEB-1024x159.jpg 1024w, https:\/\/novocommerce.hr\/rs\/wp-content\/uploads\/2021\/06\/WEB-300x47.jpg 300w, https:\/\/novocommerce.hr\/rs\/wp-content\/uploads\/2021\/06\/WEB-768x119.jpg 768w, https:\/\/novocommerce.hr\/rs\/wp-content\/uploads\/2021\/06\/WEB-700x109.jpg 700w, https:\/\/novocommerce.hr\/rs\/wp-content\/uploads\/2021\/06\/WEB-64x10.jpg 64w, https:\/\/novocommerce.hr\/rs\/wp-content\/uploads\/2021\/06\/WEB.jpg 1243w\" sizes=\"(max-width: 1024px) 100vw, 1024px\" \/>\t\t\t\t\t\t\t\t\t\t\t\t\t\t\t<\/div>\n\t\t\t\t<\/div>\n\t\t\t\t<div class=\"elementor-element elementor-element-fbce612 elementor-widget elementor-widget-spacer\" data-id=\"fbce612\" data-element_type=\"widget\" data-widget_type=\"spacer.default\">\n\t\t\t\t<div class=\"elementor-widget-container\">\n\t\t\t\t\t\t\t<div class=\"elementor-spacer\">\n\t\t\t<div class=\"elementor-spacer-inner\"><\/div>\n\t\t<\/div>\n\t\t\t\t\t\t<\/div>\n\t\t\t\t<\/div>\n\t\t\t\t\t<\/div>\n\t\t<\/div>\n\t\t\t\t\t<\/div>\n\t\t<\/section>\n\t\t\t\t<section class=\"elementor-section elementor-top-section elementor-element elementor-element-60d258e elementor-section-height-min-height elementor-section-boxed elementor-section-height-default elementor-section-items-middle\" data-id=\"60d258e\" data-element_type=\"section\" data-settings=\"{&quot;background_background&quot;:&quot;classic&quot;}\">\n\t\t\t\t\t\t<div class=\"elementor-container elementor-column-gap-default\">\n\t\t\t\t\t<div class=\"elementor-column elementor-col-100 elementor-top-column elementor-element elementor-element-5f7b177\" data-id=\"5f7b177\" data-element_type=\"column\">\n\t\t\t<div class=\"elementor-widget-wrap elementor-element-populated\">\n\t\t\t\t\t\t<div class=\"elementor-element elementor-element-00703a0 elementor-widget elementor-widget-spacer\" data-id=\"00703a0\" data-element_type=\"widget\" data-widget_type=\"spacer.default\">\n\t\t\t\t<div class=\"elementor-widget-container\">\n\t\t\t\t\t\t\t<div class=\"elementor-spacer\">\n\t\t\t<div class=\"elementor-spacer-inner\"><\/div>\n\t\t<\/div>\n\t\t\t\t\t\t<\/div>\n\t\t\t\t<\/div>\n\t\t\t\t\t<\/div>\n\t\t<\/div>\n\t\t\t\t\t<\/div>\n\t\t<\/section>\n\t\t\t\t<section class=\"elementor-section elementor-top-section elementor-element elementor-element-766792d elementor-section-full_width elementor-section-height-default elementor-section-height-default\" data-id=\"766792d\" data-element_type=\"section\" data-settings=\"{&quot;background_background&quot;:&quot;classic&quot;}\">\n\t\t\t\t\t\t<div class=\"elementor-container elementor-column-gap-no\">\n\t\t\t\t\t<div class=\"elementor-column elementor-col-33 elementor-top-column elementor-element elementor-element-54a96aa\" data-id=\"54a96aa\" data-element_type=\"column\" data-settings=\"{&quot;background_background&quot;:&quot;classic&quot;}\">\n\t\t\t<div class=\"elementor-widget-wrap elementor-element-populated\">\n\t\t\t\t\t\t<div class=\"elementor-element elementor-element-e295617 elementor-widget elementor-widget-spacer\" data-id=\"e295617\" data-element_type=\"widget\" data-widget_type=\"spacer.default\">\n\t\t\t\t<div class=\"elementor-widget-container\">\n\t\t\t\t\t\t\t<div class=\"elementor-spacer\">\n\t\t\t<div class=\"elementor-spacer-inner\"><\/div>\n\t\t<\/div>\n\t\t\t\t\t\t<\/div>\n\t\t\t\t<\/div>\n\t\t\t\t\t<\/div>\n\t\t<\/div>\n\t\t\t\t<div class=\"elementor-column elementor-col-66 elementor-top-column elementor-element elementor-element-385f965\" data-id=\"385f965\" data-element_type=\"column\" data-settings=\"{&quot;background_background&quot;:&quot;classic&quot;}\">\n\t\t\t<div class=\"elementor-widget-wrap\">\n\t\t\t\t\t\t\t<\/div>\n\t\t<\/div>\n\t\t\t\t\t<\/div>\n\t\t<\/section>\n\t\t\t\t<\/div>\n\t\t","protected":false},"excerpt":{"rendered":"<p>Strojevi kojima mo\u017eete vjerovati Kada kupujete John Deere Premium Used, mo\u017eete biti sigurni da su svi strojevi pro\u0161li kona\u010dnu provjeru od 180 plus bodova. Za dodatni mir tako\u0111er razgovarajte s va\u0161im dobavlja\u010dem o paketu odr\u017eavanja i paketu usluga FarmSight Services. Kako profitirate Kontrolirana kvaliteta Va\u0161 zastupnik za vas mo\u017ee pristupiti \u0161irokom spektru \u201cPremium Used\u201d John<br \/><a class=\"more-link\" href=\"https:\/\/novocommerce.hr\/rs\/premium-used\/\"><br \/>\n        Read More<span class=\"screen-reader-text\"> &#8220;Premium used&#8221;<\/span><\/a><\/p>\n","protected":false},"author":1,"featured_media":0,"parent":0,"menu_order":0,"comment_status":"closed","ping_status":"closed","template":"","meta":{"footnotes":""},"class_list":["post-6729","page","type-page","status-publish","hentry","badges-style-2"],"yoast_head":"<!-- This site is optimized with the Yoast SEO plugin v25.4 - https:\/\/yoast.com\/wordpress\/plugins\/seo\/ -->\n<title>Premium used - NCI Rabljeni strojevi<\/title>\n<meta name=\"robots\" content=\"index, follow, max-snippet:-1, max-image-preview:large, max-video-preview:-1\" \/>\n<link rel=\"canonical\" href=\"https:\/\/novocommerce.hr\/rs\/premium-used\/\" \/>\n<meta property=\"og:locale\" content=\"hr_HR\" \/>\n<meta property=\"og:type\" content=\"article\" \/>\n<meta property=\"og:title\" content=\"Premium used - NCI Rabljeni strojevi\" \/>\n<meta property=\"og:description\" content=\"Strojevi kojima mo\u017eete vjerovati Kada kupujete John Deere Premium Used, mo\u017eete biti sigurni da su svi strojevi pro\u0161li kona\u010dnu provjeru od 180 plus bodova. Za dodatni mir tako\u0111er razgovarajte s va\u0161im dobavlja\u010dem o paketu odr\u017eavanja i paketu usluga FarmSight Services. Kako profitirate Kontrolirana kvaliteta Va\u0161 zastupnik za vas mo\u017ee pristupiti \u0161irokom spektru \u201cPremium Used\u201d John     Read More &quot;Premium used&quot;\" \/>\n<meta property=\"og:url\" content=\"https:\/\/novocommerce.hr\/rs\/premium-used\/\" \/>\n<meta property=\"og:site_name\" content=\"NCI Rabljeni strojevi\" \/>\n<meta property=\"article:modified_time\" content=\"2021-06-24T08:50:40+00:00\" \/>\n<meta property=\"og:image\" content=\"https:\/\/novocommerce.hr\/rs\/wp-content\/uploads\/2021\/06\/WEB.jpg\" \/>\n\t<meta property=\"og:image:width\" content=\"1243\" \/>\n\t<meta property=\"og:image:height\" content=\"193\" \/>\n\t<meta property=\"og:image:type\" content=\"image\/jpeg\" \/>\n<meta name=\"twitter:card\" content=\"summary_large_image\" \/>\n<meta name=\"twitter:label1\" content=\"Procijenjeno vrijeme \u010ditanja\" \/>\n\t<meta name=\"twitter:data1\" content=\"1 minuta\" \/>\n<script type=\"application\/ld+json\" class=\"yoast-schema-graph\">{\"@context\":\"https:\/\/schema.org\",\"@graph\":[{\"@type\":\"WebPage\",\"@id\":\"https:\/\/novocommerce.hr\/rs\/premium-used\/\",\"url\":\"https:\/\/novocommerce.hr\/rs\/premium-used\/\",\"name\":\"Premium used - NCI Rabljeni strojevi\",\"isPartOf\":{\"@id\":\"https:\/\/novocommerce.hr\/rs\/#website\"},\"primaryImageOfPage\":{\"@id\":\"https:\/\/novocommerce.hr\/rs\/premium-used\/#primaryimage\"},\"image\":{\"@id\":\"https:\/\/novocommerce.hr\/rs\/premium-used\/#primaryimage\"},\"thumbnailUrl\":\"https:\/\/novocommerce.hr\/rs\/wp-content\/uploads\/2021\/06\/WEB-1024x159.jpg\",\"datePublished\":\"2021-06-24T06:53:45+00:00\",\"dateModified\":\"2021-06-24T08:50:40+00:00\",\"breadcrumb\":{\"@id\":\"https:\/\/novocommerce.hr\/rs\/premium-used\/#breadcrumb\"},\"inLanguage\":\"hr\",\"potentialAction\":[{\"@type\":\"ReadAction\",\"target\":[\"https:\/\/novocommerce.hr\/rs\/premium-used\/\"]}]},{\"@type\":\"ImageObject\",\"inLanguage\":\"hr\",\"@id\":\"https:\/\/novocommerce.hr\/rs\/premium-used\/#primaryimage\",\"url\":\"https:\/\/novocommerce.hr\/rs\/wp-content\/uploads\/2021\/06\/WEB.jpg\",\"contentUrl\":\"https:\/\/novocommerce.hr\/rs\/wp-content\/uploads\/2021\/06\/WEB.jpg\",\"width\":1243,\"height\":193},{\"@type\":\"BreadcrumbList\",\"@id\":\"https:\/\/novocommerce.hr\/rs\/premium-used\/#breadcrumb\",\"itemListElement\":[{\"@type\":\"ListItem\",\"position\":1,\"name\":\"Home\",\"item\":\"https:\/\/novocommerce.hr\/rs\/\"},{\"@type\":\"ListItem\",\"position\":2,\"name\":\"Premium used\"}]},{\"@type\":\"WebSite\",\"@id\":\"https:\/\/novocommerce.hr\/rs\/#website\",\"url\":\"https:\/\/novocommerce.hr\/rs\/\",\"name\":\"NCI Rabljeni strojevi\",\"description\":\"Mladi i rabljeni\",\"publisher\":{\"@id\":\"https:\/\/novocommerce.hr\/rs\/#organization\"},\"potentialAction\":[{\"@type\":\"SearchAction\",\"target\":{\"@type\":\"EntryPoint\",\"urlTemplate\":\"https:\/\/novocommerce.hr\/rs\/?s={search_term_string}\"},\"query-input\":{\"@type\":\"PropertyValueSpecification\",\"valueRequired\":true,\"valueName\":\"search_term_string\"}}],\"inLanguage\":\"hr\"},{\"@type\":\"Organization\",\"@id\":\"https:\/\/novocommerce.hr\/rs\/#organization\",\"name\":\"NCI Rabljeni strojevi\",\"url\":\"https:\/\/novocommerce.hr\/rs\/\",\"logo\":{\"@type\":\"ImageObject\",\"inLanguage\":\"hr\",\"@id\":\"https:\/\/novocommerce.hr\/rs\/#\/schema\/logo\/image\/\",\"url\":\"https:\/\/novocommerce.hr\/rs\/wp-content\/uploads\/2019\/10\/logo.png\",\"contentUrl\":\"https:\/\/novocommerce.hr\/rs\/wp-content\/uploads\/2019\/10\/logo.png\",\"width\":347,\"height\":55,\"caption\":\"NCI Rabljeni strojevi\"},\"image\":{\"@id\":\"https:\/\/novocommerce.hr\/rs\/#\/schema\/logo\/image\/\"}}]}<\/script>\n<!-- \/ Yoast SEO plugin. -->","yoast_head_json":{"title":"Premium used - NCI Rabljeni strojevi","robots":{"index":"index","follow":"follow","max-snippet":"max-snippet:-1","max-image-preview":"max-image-preview:large","max-video-preview":"max-video-preview:-1"},"canonical":"https:\/\/novocommerce.hr\/rs\/premium-used\/","og_locale":"hr_HR","og_type":"article","og_title":"Premium used - NCI Rabljeni strojevi","og_description":"Strojevi kojima mo\u017eete vjerovati Kada kupujete John Deere Premium Used, mo\u017eete biti sigurni da su svi strojevi pro\u0161li kona\u010dnu provjeru od 180 plus bodova. Za dodatni mir tako\u0111er razgovarajte s va\u0161im dobavlja\u010dem o paketu odr\u017eavanja i paketu usluga FarmSight Services. Kako profitirate Kontrolirana kvaliteta Va\u0161 zastupnik za vas mo\u017ee pristupiti \u0161irokom spektru \u201cPremium Used\u201d John     Read More \"Premium used\"","og_url":"https:\/\/novocommerce.hr\/rs\/premium-used\/","og_site_name":"NCI Rabljeni strojevi","article_modified_time":"2021-06-24T08:50:40+00:00","og_image":[{"width":1243,"height":193,"url":"https:\/\/novocommerce.hr\/rs\/wp-content\/uploads\/2021\/06\/WEB.jpg","type":"image\/jpeg"}],"twitter_card":"summary_large_image","twitter_misc":{"Procijenjeno vrijeme \u010ditanja":"1 minuta"},"schema":{"@context":"https:\/\/schema.org","@graph":[{"@type":"WebPage","@id":"https:\/\/novocommerce.hr\/rs\/premium-used\/","url":"https:\/\/novocommerce.hr\/rs\/premium-used\/","name":"Premium used - NCI Rabljeni strojevi","isPartOf":{"@id":"https:\/\/novocommerce.hr\/rs\/#website"},"primaryImageOfPage":{"@id":"https:\/\/novocommerce.hr\/rs\/premium-used\/#primaryimage"},"image":{"@id":"https:\/\/novocommerce.hr\/rs\/premium-used\/#primaryimage"},"thumbnailUrl":"https:\/\/novocommerce.hr\/rs\/wp-content\/uploads\/2021\/06\/WEB-1024x159.jpg","datePublished":"2021-06-24T06:53:45+00:00","dateModified":"2021-06-24T08:50:40+00:00","breadcrumb":{"@id":"https:\/\/novocommerce.hr\/rs\/premium-used\/#breadcrumb"},"inLanguage":"hr","potentialAction":[{"@type":"ReadAction","target":["https:\/\/novocommerce.hr\/rs\/premium-used\/"]}]},{"@type":"ImageObject","inLanguage":"hr","@id":"https:\/\/novocommerce.hr\/rs\/premium-used\/#primaryimage","url":"https:\/\/novocommerce.hr\/rs\/wp-content\/uploads\/2021\/06\/WEB.jpg","contentUrl":"https:\/\/novocommerce.hr\/rs\/wp-content\/uploads\/2021\/06\/WEB.jpg","width":1243,"height":193},{"@type":"BreadcrumbList","@id":"https:\/\/novocommerce.hr\/rs\/premium-used\/#breadcrumb","itemListElement":[{"@type":"ListItem","position":1,"name":"Home","item":"https:\/\/novocommerce.hr\/rs\/"},{"@type":"ListItem","position":2,"name":"Premium used"}]},{"@type":"WebSite","@id":"https:\/\/novocommerce.hr\/rs\/#website","url":"https:\/\/novocommerce.hr\/rs\/","name":"NCI Rabljeni strojevi","description":"Mladi i rabljeni","publisher":{"@id":"https:\/\/novocommerce.hr\/rs\/#organization"},"potentialAction":[{"@type":"SearchAction","target":{"@type":"EntryPoint","urlTemplate":"https:\/\/novocommerce.hr\/rs\/?s={search_term_string}"},"query-input":{"@type":"PropertyValueSpecification","valueRequired":true,"valueName":"search_term_string"}}],"inLanguage":"hr"},{"@type":"Organization","@id":"https:\/\/novocommerce.hr\/rs\/#organization","name":"NCI Rabljeni strojevi","url":"https:\/\/novocommerce.hr\/rs\/","logo":{"@type":"ImageObject","inLanguage":"hr","@id":"https:\/\/novocommerce.hr\/rs\/#\/schema\/logo\/image\/","url":"https:\/\/novocommerce.hr\/rs\/wp-content\/uploads\/2019\/10\/logo.png","contentUrl":"https:\/\/novocommerce.hr\/rs\/wp-content\/uploads\/2019\/10\/logo.png","width":347,"height":55,"caption":"NCI Rabljeni strojevi"},"image":{"@id":"https:\/\/novocommerce.hr\/rs\/#\/schema\/logo\/image\/"}}]}},"_links":{"self":[{"href":"https:\/\/novocommerce.hr\/rs\/wp-json\/wp\/v2\/pages\/6729","targetHints":{"allow":["GET"]}}],"collection":[{"href":"https:\/\/novocommerce.hr\/rs\/wp-json\/wp\/v2\/pages"}],"about":[{"href":"https:\/\/novocommerce.hr\/rs\/wp-json\/wp\/v2\/types\/page"}],"author":[{"embeddable":true,"href":"https:\/\/novocommerce.hr\/rs\/wp-json\/wp\/v2\/users\/1"}],"replies":[{"embeddable":true,"href":"https:\/\/novocommerce.hr\/rs\/wp-json\/wp\/v2\/comments?post=6729"}],"version-history":[{"count":30,"href":"https:\/\/novocommerce.hr\/rs\/wp-json\/wp\/v2\/pages\/6729\/revisions"}],"predecessor-version":[{"id":6774,"href":"https:\/\/novocommerce.hr\/rs\/wp-json\/wp\/v2\/pages\/6729\/revisions\/6774"}],"wp:attachment":[{"href":"https:\/\/novocommerce.hr\/rs\/wp-json\/wp\/v2\/media?parent=6729"}],"curies":[{"name":"wp","href":"https:\/\/api.w.org\/{rel}","templated":true}]}}