{"id":3914,"date":"2019-10-25T08:15:33","date_gmt":"2019-10-25T06:15:33","guid":{"rendered":"https:\/\/novocommerce.hr\/rs\/?page_id=3914"},"modified":"2019-10-25T11:35:56","modified_gmt":"2019-10-25T09:35:56","slug":"rezervni-dijelovi","status":"publish","type":"page","link":"https:\/\/novocommerce.hr\/rs\/rezervni-dijelovi\/","title":{"rendered":"Rezervni dijelovi"},"content":{"rendered":"\t\t<div data-elementor-type=\"wp-page\" data-elementor-id=\"3914\" class=\"elementor elementor-3914\">\n\t\t\t\t\t\t<section class=\"elementor-section elementor-top-section elementor-element elementor-element-04a8601 elementor-section-full_width elementor-section-height-default elementor-section-height-default\" data-id=\"04a8601\" data-element_type=\"section\">\n\t\t\t\t\t\t<div class=\"elementor-container elementor-column-gap-default\">\n\t\t\t\t\t<div class=\"elementor-column elementor-col-50 elementor-top-column elementor-element elementor-element-5b0ce18\" data-id=\"5b0ce18\" data-element_type=\"column\">\n\t\t\t<div class=\"elementor-widget-wrap elementor-element-populated\">\n\t\t\t\t\t\t<div class=\"elementor-element elementor-element-c7444ad elementor-widget elementor-widget-text-editor\" data-id=\"c7444ad\" data-element_type=\"widget\" data-widget_type=\"text-editor.default\">\n\t\t\t\t<div class=\"elementor-widget-container\">\n\t\t\t\t\t\t\t\t\t<p>Priroda poljoprivredne proizvodnje zahtjeva brzu isporuku rezervnih dijelova. <br>Kratki poljoprivredni rokovi zahtjevaju visoku tehni\u010dku ispravnost va\u0161e John Deere mehanizacije. Originalni rezervni dijelovi u potpunosti ispunjavaju slo\u017eene tehni\u010dke zahtjeve koji su pred njih postavljeni i time vam jam\u010de dug vijek trajanja va\u0161e mehanizacije, a pravovremeno odr\u017eavanje smanjuje zastoj u va\u0161em radu. <br>Iako originalni rezervni dijelovi u startu imaju vi\u0161u cijenu, njihova kvaliteta, dugotrajnost i pouzdanost \u0107e vam na duge staze donijeti vi\u0161estruke u\u0161tede kroz du\u017ei vijek eksploatacije va\u0161eg stroja.<\/p>\n<p>Skladi\u0161ni prostor u poslovnom centru u Osijeku prostire se na preko 1000 \u010detvornih metara, samim time postoji velika vjerojatnost da dio koji je vama potreban je ve\u0107 kod nas. Potrebni dijelovi koji nisu na skladi\u0161tu naru\u010duju se direktno iz tvornice John Deere u Mannheimu preko ra\u010dunalnog sistema. Samim time osiguravamo brzu nabavku svakog dijela.<\/p>\n<p>Precizno projektirani dijelovi su proizvedeni pod izuzetno rigoroznim standardima, dizajnirani i testirani upravo za John Deere strojeve, tako da ste sigurni da \u0107ete dobiti najbolje od na\u0161e opreme.<\/p>\n<p><strong>POSEBNA PONUDA:<\/strong><\/p>\n<ul>\n<li>Igra\u010dke iz programa John Deere<\/li>\n<li>Odje\u0107a i obu\u0107a iz programa John Deere<\/li>\n<\/ul>\t\t\t\t\t\t\t\t<\/div>\n\t\t\t\t<\/div>\n\t\t\t\t\t<\/div>\n\t\t<\/div>\n\t\t\t\t<div class=\"elementor-column elementor-col-50 elementor-top-column elementor-element elementor-element-51d85af\" data-id=\"51d85af\" data-element_type=\"column\">\n\t\t\t<div class=\"elementor-widget-wrap elementor-element-populated\">\n\t\t\t\t\t\t<div class=\"elementor-element elementor-element-2a26de8 elementor-widget elementor-widget-image\" data-id=\"2a26de8\" data-element_type=\"widget\" data-widget_type=\"image.default\">\n\t\t\t\t<div class=\"elementor-widget-container\">\n\t\t\t\t\t\t\t\t\t\t\t\t\t\t\t<img fetchpriority=\"high\" decoding=\"async\" width=\"1024\" height=\"964\" src=\"https:\/\/novocommerce.hr\/rs\/wp-content\/uploads\/2019\/10\/KARTA-1024x964.png\" class=\"attachment-large size-large wp-image-3942\" alt=\"\" srcset=\"https:\/\/novocommerce.hr\/rs\/wp-content\/uploads\/2019\/10\/KARTA-1024x964.png 1024w, https:\/\/novocommerce.hr\/rs\/wp-content\/uploads\/2019\/10\/KARTA-300x282.png 300w, https:\/\/novocommerce.hr\/rs\/wp-content\/uploads\/2019\/10\/KARTA-768x723.png 768w, https:\/\/novocommerce.hr\/rs\/wp-content\/uploads\/2019\/10\/KARTA-700x659.png 700w, https:\/\/novocommerce.hr\/rs\/wp-content\/uploads\/2019\/10\/KARTA-64x60.png 64w, https:\/\/novocommerce.hr\/rs\/wp-content\/uploads\/2019\/10\/KARTA.png 2025w\" sizes=\"(max-width: 1024px) 100vw, 1024px\" \/>\t\t\t\t\t\t\t\t\t\t\t\t\t\t\t<\/div>\n\t\t\t\t<\/div>\n\t\t\t\t\t<\/div>\n\t\t<\/div>\n\t\t\t\t\t<\/div>\n\t\t<\/section>\n\t\t\t\t<section class=\"elementor-section elementor-top-section elementor-element elementor-element-a2131c5 elementor-section-boxed elementor-section-height-default elementor-section-height-default\" data-id=\"a2131c5\" data-element_type=\"section\">\n\t\t\t\t\t\t<div class=\"elementor-container elementor-column-gap-default\">\n\t\t\t\t\t<div class=\"elementor-column elementor-col-100 elementor-top-column elementor-element elementor-element-714d30f\" data-id=\"714d30f\" data-element_type=\"column\">\n\t\t\t<div class=\"elementor-widget-wrap elementor-element-populated\">\n\t\t\t\t\t\t<div class=\"elementor-element elementor-element-fd02dc5 elementor-widget elementor-widget-text-editor\" data-id=\"fd02dc5\" data-element_type=\"widget\" data-widget_type=\"text-editor.default\">\n\t\t\t\t<div class=\"elementor-widget-container\">\n\t\t\t\t\t\t\t\t\t<p><strong>Uz rezervne dijelove za John Deere strojeve, kod nas mo\u017eete prona\u0107i rezervne dijelove i za drugi poljoprivredni program:<\/strong><\/p>\t\t\t\t\t\t\t\t<\/div>\n\t\t\t\t<\/div>\n\t\t\t\t\t<\/div>\n\t\t<\/div>\n\t\t\t\t\t<\/div>\n\t\t<\/section>\n\t\t\t\t<section class=\"elementor-section elementor-top-section elementor-element elementor-element-dc2ac30 elementor-section-stretched elementor-section-full_width elementor-section-height-default elementor-section-height-default\" data-id=\"dc2ac30\" data-element_type=\"section\" data-settings=\"{&quot;stretch_section&quot;:&quot;section-stretched&quot;}\">\n\t\t\t\t\t\t<div class=\"elementor-container elementor-column-gap-default\">\n\t\t\t\t\t<div class=\"elementor-column elementor-col-100 elementor-top-column elementor-element elementor-element-25528ad\" data-id=\"25528ad\" data-element_type=\"column\">\n\t\t\t<div class=\"elementor-widget-wrap elementor-element-populated\">\n\t\t\t\t\t\t<div class=\"elementor-element elementor-element-ac8488a elementor-widget elementor-widget-image\" data-id=\"ac8488a\" data-element_type=\"widget\" data-widget_type=\"image.default\">\n\t\t\t\t<div class=\"elementor-widget-container\">\n\t\t\t\t\t\t\t\t\t\t\t\t\t\t\t<img decoding=\"async\" width=\"1024\" height=\"38\" src=\"https:\/\/novocommerce.hr\/rs\/wp-content\/uploads\/2019\/10\/REZERVNI-DIJELOVI-LOGO-1024x38.png\" class=\"attachment-large size-large wp-image-3950\" alt=\"\" srcset=\"https:\/\/novocommerce.hr\/rs\/wp-content\/uploads\/2019\/10\/REZERVNI-DIJELOVI-LOGO-1024x38.png 1024w, https:\/\/novocommerce.hr\/rs\/wp-content\/uploads\/2019\/10\/REZERVNI-DIJELOVI-LOGO-300x11.png 300w, https:\/\/novocommerce.hr\/rs\/wp-content\/uploads\/2019\/10\/REZERVNI-DIJELOVI-LOGO-768x29.png 768w, https:\/\/novocommerce.hr\/rs\/wp-content\/uploads\/2019\/10\/REZERVNI-DIJELOVI-LOGO-700x26.png 700w, https:\/\/novocommerce.hr\/rs\/wp-content\/uploads\/2019\/10\/REZERVNI-DIJELOVI-LOGO-64x2.png 64w, https:\/\/novocommerce.hr\/rs\/wp-content\/uploads\/2019\/10\/REZERVNI-DIJELOVI-LOGO.png 1452w\" sizes=\"(max-width: 1024px) 100vw, 1024px\" \/>\t\t\t\t\t\t\t\t\t\t\t\t\t\t\t<\/div>\n\t\t\t\t<\/div>\n\t\t\t\t\t<\/div>\n\t\t<\/div>\n\t\t\t\t\t<\/div>\n\t\t<\/section>\n\t\t\t\t<section class=\"elementor-section elementor-top-section elementor-element elementor-element-613c6aa elementor-section-boxed elementor-section-height-default elementor-section-height-default\" data-id=\"613c6aa\" data-element_type=\"section\">\n\t\t\t\t\t\t<div class=\"elementor-container elementor-column-gap-default\">\n\t\t\t\t\t<div class=\"elementor-column elementor-col-100 elementor-top-column elementor-element elementor-element-6c2ee62\" data-id=\"6c2ee62\" data-element_type=\"column\">\n\t\t\t<div class=\"elementor-widget-wrap elementor-element-populated\">\n\t\t\t\t\t\t<div class=\"elementor-element elementor-element-3f810a6 elementor-widget elementor-widget-spacer\" data-id=\"3f810a6\" data-element_type=\"widget\" data-widget_type=\"spacer.default\">\n\t\t\t\t<div class=\"elementor-widget-container\">\n\t\t\t\t\t\t\t<div class=\"elementor-spacer\">\n\t\t\t<div class=\"elementor-spacer-inner\"><\/div>\n\t\t<\/div>\n\t\t\t\t\t\t<\/div>\n\t\t\t\t<\/div>\n\t\t\t\t\t<\/div>\n\t\t<\/div>\n\t\t\t\t\t<\/div>\n\t\t<\/section>\n\t\t\t\t<section class=\"elementor-section elementor-top-section elementor-element elementor-element-ae710ef elementor-section-stretched elementor-section-boxed elementor-section-height-default elementor-section-height-default\" data-id=\"ae710ef\" data-element_type=\"section\" data-settings=\"{&quot;stretch_section&quot;:&quot;section-stretched&quot;}\">\n\t\t\t\t\t\t<div class=\"elementor-container elementor-column-gap-default\">\n\t\t\t\t\t<div class=\"elementor-column elementor-col-100 elementor-top-column elementor-element elementor-element-2349fe0\" data-id=\"2349fe0\" data-element_type=\"column\">\n\t\t\t<div class=\"elementor-widget-wrap elementor-element-populated\">\n\t\t\t\t\t\t<div class=\"elementor-element elementor-element-15fc353 elementor-widget elementor-widget-video\" data-id=\"15fc353\" data-element_type=\"widget\" data-settings=\"{&quot;youtube_url&quot;:&quot;https:\\\/\\\/youtu.be\\\/GVC1pAqYvDU&quot;,&quot;autoplay&quot;:&quot;yes&quot;,&quot;mute&quot;:&quot;yes&quot;,&quot;video_type&quot;:&quot;youtube&quot;,&quot;controls&quot;:&quot;yes&quot;}\" data-widget_type=\"video.default\">\n\t\t\t\t<div class=\"elementor-widget-container\">\n\t\t\t\t\t\t\t<div class=\"elementor-wrapper elementor-open-inline\">\n\t\t\t<div class=\"elementor-video\"><\/div>\t\t<\/div>\n\t\t\t\t\t\t<\/div>\n\t\t\t\t<\/div>\n\t\t\t\t\t<\/div>\n\t\t<\/div>\n\t\t\t\t\t<\/div>\n\t\t<\/section>\n\t\t\t\t<section class=\"elementor-section elementor-top-section elementor-element elementor-element-bd40fbf elementor-section-boxed elementor-section-height-default elementor-section-height-default\" data-id=\"bd40fbf\" data-element_type=\"section\">\n\t\t\t\t\t\t<div class=\"elementor-container elementor-column-gap-default\">\n\t\t\t\t\t<div class=\"elementor-column elementor-col-100 elementor-top-column elementor-element elementor-element-8682081\" data-id=\"8682081\" data-element_type=\"column\">\n\t\t\t<div class=\"elementor-widget-wrap elementor-element-populated\">\n\t\t\t\t\t\t<div class=\"elementor-element elementor-element-9d44eb4 elementor-widget elementor-widget-spacer\" data-id=\"9d44eb4\" data-element_type=\"widget\" data-widget_type=\"spacer.default\">\n\t\t\t\t<div class=\"elementor-widget-container\">\n\t\t\t\t\t\t\t<div class=\"elementor-spacer\">\n\t\t\t<div class=\"elementor-spacer-inner\"><\/div>\n\t\t<\/div>\n\t\t\t\t\t\t<\/div>\n\t\t\t\t<\/div>\n\t\t\t\t\t<\/div>\n\t\t<\/div>\n\t\t\t\t\t<\/div>\n\t\t<\/section>\n\t\t\t\t<section class=\"elementor-section elementor-top-section elementor-element elementor-element-b3673c2 elementor-section-boxed elementor-section-height-default elementor-section-height-default\" data-id=\"b3673c2\" data-element_type=\"section\">\n\t\t\t\t\t\t<div class=\"elementor-container elementor-column-gap-default\">\n\t\t\t\t\t<div class=\"elementor-column elementor-col-100 elementor-top-column elementor-element elementor-element-e9045cf\" data-id=\"e9045cf\" data-element_type=\"column\">\n\t\t\t<div class=\"elementor-widget-wrap elementor-element-populated\">\n\t\t\t\t\t\t<div class=\"elementor-element elementor-element-338f72d elementor-widget elementor-widget-image\" data-id=\"338f72d\" data-element_type=\"widget\" data-widget_type=\"image.default\">\n\t\t\t\t<div class=\"elementor-widget-container\">\n\t\t\t\t\t\t\t\t\t\t\t\t\t\t\t\t<a href=\"https:\/\/novocommerce.hr\/rezervni-dijelovi\/\" target=\"_blank\">\n\t\t\t\t\t\t\t<img decoding=\"async\" width=\"768\" height=\"70\" src=\"https:\/\/novocommerce.hr\/rs\/wp-content\/uploads\/2019\/10\/REZERVNI-DIJELOVI-768x70.png\" class=\"attachment-medium_large size-medium_large wp-image-3972\" alt=\"\" srcset=\"https:\/\/novocommerce.hr\/rs\/wp-content\/uploads\/2019\/10\/REZERVNI-DIJELOVI-768x70.png 768w, https:\/\/novocommerce.hr\/rs\/wp-content\/uploads\/2019\/10\/REZERVNI-DIJELOVI-300x28.png 300w, https:\/\/novocommerce.hr\/rs\/wp-content\/uploads\/2019\/10\/REZERVNI-DIJELOVI-1024x94.png 1024w, https:\/\/novocommerce.hr\/rs\/wp-content\/uploads\/2019\/10\/REZERVNI-DIJELOVI-700x64.png 700w, https:\/\/novocommerce.hr\/rs\/wp-content\/uploads\/2019\/10\/REZERVNI-DIJELOVI-64x6.png 64w\" sizes=\"(max-width: 768px) 100vw, 768px\" \/>\t\t\t\t\t\t\t\t<\/a>\n\t\t\t\t\t\t\t\t\t\t\t\t\t\t\t<\/div>\n\t\t\t\t<\/div>\n\t\t\t\t\t<\/div>\n\t\t<\/div>\n\t\t\t\t\t<\/div>\n\t\t<\/section>\n\t\t\t\t<\/div>\n\t\t","protected":false},"excerpt":{"rendered":"<p>Priroda poljoprivredne proizvodnje zahtjeva brzu isporuku rezervnih dijelova. Kratki poljoprivredni rokovi zahtjevaju visoku tehni\u010dku ispravnost va\u0161e John Deere mehanizacije. Originalni rezervni dijelovi u potpunosti ispunjavaju slo\u017eene tehni\u010dke zahtjeve koji su pred njih postavljeni i time vam jam\u010de dug vijek trajanja va\u0161e mehanizacije, a pravovremeno odr\u017eavanje smanjuje zastoj u va\u0161em radu. Iako originalni rezervni dijelovi u<br \/><a class=\"more-link\" href=\"https:\/\/novocommerce.hr\/rs\/rezervni-dijelovi\/\"><br \/>\n        Read More<span class=\"screen-reader-text\"> &#8220;Rezervni dijelovi&#8221;<\/span><\/a><\/p>\n","protected":false},"author":1,"featured_media":0,"parent":0,"menu_order":0,"comment_status":"closed","ping_status":"closed","template":"","meta":{"footnotes":""},"class_list":["post-3914","page","type-page","status-publish","hentry","badges-style-2"],"yoast_head":"<!-- This site is optimized with the Yoast SEO plugin v25.4 - https:\/\/yoast.com\/wordpress\/plugins\/seo\/ -->\n<title>Rezervni dijelovi - NCI Rabljeni strojevi<\/title>\n<meta name=\"robots\" content=\"index, follow, max-snippet:-1, max-image-preview:large, max-video-preview:-1\" \/>\n<link rel=\"canonical\" href=\"https:\/\/novocommerce.hr\/rs\/rezervni-dijelovi\/\" \/>\n<meta property=\"og:locale\" content=\"hr_HR\" \/>\n<meta property=\"og:type\" content=\"article\" \/>\n<meta property=\"og:title\" content=\"Rezervni dijelovi - NCI Rabljeni strojevi\" \/>\n<meta property=\"og:description\" content=\"Priroda poljoprivredne proizvodnje zahtjeva brzu isporuku rezervnih dijelova. Kratki poljoprivredni rokovi zahtjevaju visoku tehni\u010dku ispravnost va\u0161e John Deere mehanizacije. Originalni rezervni dijelovi u potpunosti ispunjavaju slo\u017eene tehni\u010dke zahtjeve koji su pred njih postavljeni i time vam jam\u010de dug vijek trajanja va\u0161e mehanizacije, a pravovremeno odr\u017eavanje smanjuje zastoj u va\u0161em radu. Iako originalni rezervni dijelovi u     Read More &quot;Rezervni dijelovi&quot;\" \/>\n<meta property=\"og:url\" content=\"https:\/\/novocommerce.hr\/rs\/rezervni-dijelovi\/\" \/>\n<meta property=\"og:site_name\" content=\"NCI Rabljeni strojevi\" \/>\n<meta property=\"article:modified_time\" content=\"2019-10-25T09:35:56+00:00\" \/>\n<meta property=\"og:image\" content=\"https:\/\/novocommerce.hr\/rs\/wp-content\/uploads\/2019\/10\/KARTA.png\" \/>\n\t<meta property=\"og:image:width\" content=\"2025\" \/>\n\t<meta property=\"og:image:height\" content=\"1906\" \/>\n\t<meta property=\"og:image:type\" content=\"image\/png\" \/>\n<meta name=\"twitter:card\" content=\"summary_large_image\" \/>\n<meta name=\"twitter:label1\" content=\"Procijenjeno vrijeme \u010ditanja\" \/>\n\t<meta name=\"twitter:data1\" content=\"1 minuta\" \/>\n<script type=\"application\/ld+json\" class=\"yoast-schema-graph\">{\"@context\":\"https:\/\/schema.org\",\"@graph\":[{\"@type\":\"WebPage\",\"@id\":\"https:\/\/novocommerce.hr\/rs\/rezervni-dijelovi\/\",\"url\":\"https:\/\/novocommerce.hr\/rs\/rezervni-dijelovi\/\",\"name\":\"Rezervni dijelovi - NCI Rabljeni strojevi\",\"isPartOf\":{\"@id\":\"https:\/\/novocommerce.hr\/rs\/#website\"},\"primaryImageOfPage\":{\"@id\":\"https:\/\/novocommerce.hr\/rs\/rezervni-dijelovi\/#primaryimage\"},\"image\":{\"@id\":\"https:\/\/novocommerce.hr\/rs\/rezervni-dijelovi\/#primaryimage\"},\"thumbnailUrl\":\"https:\/\/novocommerce.hr\/rs\/wp-content\/uploads\/2019\/10\/KARTA-1024x964.png\",\"datePublished\":\"2019-10-25T06:15:33+00:00\",\"dateModified\":\"2019-10-25T09:35:56+00:00\",\"breadcrumb\":{\"@id\":\"https:\/\/novocommerce.hr\/rs\/rezervni-dijelovi\/#breadcrumb\"},\"inLanguage\":\"hr\",\"potentialAction\":[{\"@type\":\"ReadAction\",\"target\":[\"https:\/\/novocommerce.hr\/rs\/rezervni-dijelovi\/\"]}]},{\"@type\":\"ImageObject\",\"inLanguage\":\"hr\",\"@id\":\"https:\/\/novocommerce.hr\/rs\/rezervni-dijelovi\/#primaryimage\",\"url\":\"https:\/\/novocommerce.hr\/rs\/wp-content\/uploads\/2019\/10\/KARTA.png\",\"contentUrl\":\"https:\/\/novocommerce.hr\/rs\/wp-content\/uploads\/2019\/10\/KARTA.png\",\"width\":2025,\"height\":1906},{\"@type\":\"BreadcrumbList\",\"@id\":\"https:\/\/novocommerce.hr\/rs\/rezervni-dijelovi\/#breadcrumb\",\"itemListElement\":[{\"@type\":\"ListItem\",\"position\":1,\"name\":\"Home\",\"item\":\"https:\/\/novocommerce.hr\/rs\/\"},{\"@type\":\"ListItem\",\"position\":2,\"name\":\"Rezervni dijelovi\"}]},{\"@type\":\"WebSite\",\"@id\":\"https:\/\/novocommerce.hr\/rs\/#website\",\"url\":\"https:\/\/novocommerce.hr\/rs\/\",\"name\":\"NCI Rabljeni strojevi\",\"description\":\"Mladi i rabljeni\",\"publisher\":{\"@id\":\"https:\/\/novocommerce.hr\/rs\/#organization\"},\"potentialAction\":[{\"@type\":\"SearchAction\",\"target\":{\"@type\":\"EntryPoint\",\"urlTemplate\":\"https:\/\/novocommerce.hr\/rs\/?s={search_term_string}\"},\"query-input\":{\"@type\":\"PropertyValueSpecification\",\"valueRequired\":true,\"valueName\":\"search_term_string\"}}],\"inLanguage\":\"hr\"},{\"@type\":\"Organization\",\"@id\":\"https:\/\/novocommerce.hr\/rs\/#organization\",\"name\":\"NCI Rabljeni strojevi\",\"url\":\"https:\/\/novocommerce.hr\/rs\/\",\"logo\":{\"@type\":\"ImageObject\",\"inLanguage\":\"hr\",\"@id\":\"https:\/\/novocommerce.hr\/rs\/#\/schema\/logo\/image\/\",\"url\":\"https:\/\/novocommerce.hr\/rs\/wp-content\/uploads\/2019\/10\/logo.png\",\"contentUrl\":\"https:\/\/novocommerce.hr\/rs\/wp-content\/uploads\/2019\/10\/logo.png\",\"width\":347,\"height\":55,\"caption\":\"NCI Rabljeni strojevi\"},\"image\":{\"@id\":\"https:\/\/novocommerce.hr\/rs\/#\/schema\/logo\/image\/\"}}]}<\/script>\n<!-- \/ Yoast SEO plugin. -->","yoast_head_json":{"title":"Rezervni dijelovi - NCI Rabljeni strojevi","robots":{"index":"index","follow":"follow","max-snippet":"max-snippet:-1","max-image-preview":"max-image-preview:large","max-video-preview":"max-video-preview:-1"},"canonical":"https:\/\/novocommerce.hr\/rs\/rezervni-dijelovi\/","og_locale":"hr_HR","og_type":"article","og_title":"Rezervni dijelovi - NCI Rabljeni strojevi","og_description":"Priroda poljoprivredne proizvodnje zahtjeva brzu isporuku rezervnih dijelova. Kratki poljoprivredni rokovi zahtjevaju visoku tehni\u010dku ispravnost va\u0161e John Deere mehanizacije. Originalni rezervni dijelovi u potpunosti ispunjavaju slo\u017eene tehni\u010dke zahtjeve koji su pred njih postavljeni i time vam jam\u010de dug vijek trajanja va\u0161e mehanizacije, a pravovremeno odr\u017eavanje smanjuje zastoj u va\u0161em radu. Iako originalni rezervni dijelovi u     Read More \"Rezervni dijelovi\"","og_url":"https:\/\/novocommerce.hr\/rs\/rezervni-dijelovi\/","og_site_name":"NCI Rabljeni strojevi","article_modified_time":"2019-10-25T09:35:56+00:00","og_image":[{"width":2025,"height":1906,"url":"https:\/\/novocommerce.hr\/rs\/wp-content\/uploads\/2019\/10\/KARTA.png","type":"image\/png"}],"twitter_card":"summary_large_image","twitter_misc":{"Procijenjeno vrijeme \u010ditanja":"1 minuta"},"schema":{"@context":"https:\/\/schema.org","@graph":[{"@type":"WebPage","@id":"https:\/\/novocommerce.hr\/rs\/rezervni-dijelovi\/","url":"https:\/\/novocommerce.hr\/rs\/rezervni-dijelovi\/","name":"Rezervni dijelovi - NCI Rabljeni strojevi","isPartOf":{"@id":"https:\/\/novocommerce.hr\/rs\/#website"},"primaryImageOfPage":{"@id":"https:\/\/novocommerce.hr\/rs\/rezervni-dijelovi\/#primaryimage"},"image":{"@id":"https:\/\/novocommerce.hr\/rs\/rezervni-dijelovi\/#primaryimage"},"thumbnailUrl":"https:\/\/novocommerce.hr\/rs\/wp-content\/uploads\/2019\/10\/KARTA-1024x964.png","datePublished":"2019-10-25T06:15:33+00:00","dateModified":"2019-10-25T09:35:56+00:00","breadcrumb":{"@id":"https:\/\/novocommerce.hr\/rs\/rezervni-dijelovi\/#breadcrumb"},"inLanguage":"hr","potentialAction":[{"@type":"ReadAction","target":["https:\/\/novocommerce.hr\/rs\/rezervni-dijelovi\/"]}]},{"@type":"ImageObject","inLanguage":"hr","@id":"https:\/\/novocommerce.hr\/rs\/rezervni-dijelovi\/#primaryimage","url":"https:\/\/novocommerce.hr\/rs\/wp-content\/uploads\/2019\/10\/KARTA.png","contentUrl":"https:\/\/novocommerce.hr\/rs\/wp-content\/uploads\/2019\/10\/KARTA.png","width":2025,"height":1906},{"@type":"BreadcrumbList","@id":"https:\/\/novocommerce.hr\/rs\/rezervni-dijelovi\/#breadcrumb","itemListElement":[{"@type":"ListItem","position":1,"name":"Home","item":"https:\/\/novocommerce.hr\/rs\/"},{"@type":"ListItem","position":2,"name":"Rezervni dijelovi"}]},{"@type":"WebSite","@id":"https:\/\/novocommerce.hr\/rs\/#website","url":"https:\/\/novocommerce.hr\/rs\/","name":"NCI Rabljeni strojevi","description":"Mladi i rabljeni","publisher":{"@id":"https:\/\/novocommerce.hr\/rs\/#organization"},"potentialAction":[{"@type":"SearchAction","target":{"@type":"EntryPoint","urlTemplate":"https:\/\/novocommerce.hr\/rs\/?s={search_term_string}"},"query-input":{"@type":"PropertyValueSpecification","valueRequired":true,"valueName":"search_term_string"}}],"inLanguage":"hr"},{"@type":"Organization","@id":"https:\/\/novocommerce.hr\/rs\/#organization","name":"NCI Rabljeni strojevi","url":"https:\/\/novocommerce.hr\/rs\/","logo":{"@type":"ImageObject","inLanguage":"hr","@id":"https:\/\/novocommerce.hr\/rs\/#\/schema\/logo\/image\/","url":"https:\/\/novocommerce.hr\/rs\/wp-content\/uploads\/2019\/10\/logo.png","contentUrl":"https:\/\/novocommerce.hr\/rs\/wp-content\/uploads\/2019\/10\/logo.png","width":347,"height":55,"caption":"NCI Rabljeni strojevi"},"image":{"@id":"https:\/\/novocommerce.hr\/rs\/#\/schema\/logo\/image\/"}}]}},"_links":{"self":[{"href":"https:\/\/novocommerce.hr\/rs\/wp-json\/wp\/v2\/pages\/3914","targetHints":{"allow":["GET"]}}],"collection":[{"href":"https:\/\/novocommerce.hr\/rs\/wp-json\/wp\/v2\/pages"}],"about":[{"href":"https:\/\/novocommerce.hr\/rs\/wp-json\/wp\/v2\/types\/page"}],"author":[{"embeddable":true,"href":"https:\/\/novocommerce.hr\/rs\/wp-json\/wp\/v2\/users\/1"}],"replies":[{"embeddable":true,"href":"https:\/\/novocommerce.hr\/rs\/wp-json\/wp\/v2\/comments?post=3914"}],"version-history":[{"count":31,"href":"https:\/\/novocommerce.hr\/rs\/wp-json\/wp\/v2\/pages\/3914\/revisions"}],"predecessor-version":[{"id":4024,"href":"https:\/\/novocommerce.hr\/rs\/wp-json\/wp\/v2\/pages\/3914\/revisions\/4024"}],"wp:attachment":[{"href":"https:\/\/novocommerce.hr\/rs\/wp-json\/wp\/v2\/media?parent=3914"}],"curies":[{"name":"wp","href":"https:\/\/api.w.org\/{rel}","templated":true}]}}